{"id":9039,"date":"2022-11-19T17:57:04","date_gmt":"2022-11-19T17:57:04","guid":{"rendered":"https:\/\/re-enactment.com\/?post_type=product&#038;p=9039"},"modified":"2023-08-05T16:45:47","modified_gmt":"2023-08-05T15:45:47","slug":"vsf17a-b","status":"publish","type":"product","link":"https:\/\/re-enactment.com\/index.php\/product\/vsf17a-b\/","title":{"rendered":"VSF17A-B"},"content":{"rendered":"<p>Short version of VSF17-B<\/p>\n<h1 class=\"product_title entry-title\">From Dyb\u00e4ck Viking Sword<\/h1>\n<p>This scabbard top is a replica of an original that was discovered in 1870 from a peatbog in Dyb\u00e4ck, Sk\u00e5ne, in an area which is modern day Sweden, but during the Viking-era belonged to Denmark. The original fittings are gold plated silver with animal and plant ornaments in the Anglo-Saxon Winchester style. The style indicates that the fittings could be of Anglo-Saxon workmanship, or simply an indication of the many contacts the nobles of the early 1000\u2019s had with England. Although the original find was well preserved, the organic materials of the sheath have not survived. The mouth guard of the sheath is made of precious metal and has survived, but during the centuries it has fused together with the hand guard of the sword.\u00a0 The original is on display at the Historical Museum in Stockholm.<\/p>\n","protected":false},"excerpt":{"rendered":"<p>Short version of VSF17-B From Dyb\u00e4ck Viking Sword This scabbard top is a replica of an original that was discovered in 1870 from a peatbog in Dyb\u00e4ck, Sk\u00e5ne, in an area which is modern day Sweden, but during the Viking-era belonged to Denmark. The original fittings are gold plated silver with animal and plant ornaments [&hellip;]<\/p>\n","protected":false},"featured_media":6716,"template":"","meta":[],"product_brand":[],"product_cat":[64],"product_tag":[],"class_list":{"0":"post-9039","1":"product","2":"type-product","3":"status-publish","4":"has-post-thumbnail","6":"product_cat-viking-sword-fittings","8":"first","9":"instock","10":"shipping-taxable","11":"purchasable","12":"product-type-simple"},"_links":{"self":[{"href":"https:\/\/re-enactment.com\/index.php\/wp-json\/wp\/v2\/product\/9039","targetHints":{"allow":["GET"]}}],"collection":[{"href":"https:\/\/re-enactment.com\/index.php\/wp-json\/wp\/v2\/product"}],"about":[{"href":"https:\/\/re-enactment.com\/index.php\/wp-json\/wp\/v2\/types\/product"}],"version-history":[{"count":0,"href":"https:\/\/re-enactment.com\/index.php\/wp-json\/wp\/v2\/product\/9039\/revisions"}],"wp:featuredmedia":[{"embeddable":true,"href":"https:\/\/re-enactment.com\/index.php\/wp-json\/wp\/v2\/media\/6716"}],"wp:attachment":[{"href":"https:\/\/re-enactment.com\/index.php\/wp-json\/wp\/v2\/media?parent=9039"}],"wp:term":[{"taxonomy":"product_brand","embeddable":true,"href":"https:\/\/re-enactment.com\/index.php\/wp-json\/wp\/v2\/product_brand?post=9039"},{"taxonomy":"product_cat","embeddable":true,"href":"https:\/\/re-enactment.com\/index.php\/wp-json\/wp\/v2\/product_cat?post=9039"},{"taxonomy":"product_tag","embeddable":true,"href":"https:\/\/re-enactment.com\/index.php\/wp-json\/wp\/v2\/product_tag?post=9039"}],"curies":[{"name":"wp","href":"https:\/\/api.w.org\/{rel}","templated":true}]}}